{"id":6,"date":"2016-10-23T00:03:13","date_gmt":"2016-10-23T00:03:13","guid":{"rendered":"http:\/\/weebir.info\/?page_id=6"},"modified":"2025-06-09T09:25:51","modified_gmt":"2025-06-09T15:25:51","slug":"inicio","status":"publish","type":"page","link":"https:\/\/persotemp.com.gt\/web\/","title":{"rendered":"Reclutamiento y Selecci\u00f3n"},"content":{"rendered":"\n<h1>\n\t\tSE PARTE DE NOSOTROS\n\t<\/h1>\n\t\t\t<a href=\"https:\/\/persotemp.com.gt\/web\/vacantes\/\" title=\"Haz clic aqu\u00ed\" target=\"_self\"   role=\"button\" aria-label=\"Ver Plazas\">\n\t\t\t\t\t\t\tVer Plazas\n\t\t<\/a>\n<h1>\n\t\tEnf\u00f3quese en sus Negocios\n\t<\/h1>\n<h3>\n\t\tDeje que PersoTemp\u00ae le alivie las tareas de reclutar y administrar personal\n\t<\/h3>\n\t\t\t<a href=\"#servicios\" title=\"Haz clic aqu\u00ed\" target=\"_self\"   role=\"button\" aria-label=\"Servicios\">\n\t\t\t\t\t\t\tServicios\n\t\t<\/a>\n\t\t\t<a href=\"#hablemos\" title=\"Haz clic aqu\u00ed\" target=\"_self\"   role=\"button\" aria-label=\"Hablemos\">\n\t\t\t\t\t\t\tHablemos\n\t\t<\/a>\n\t<meta itemprop=\"url\" content=\"https:\/\/persotemp.com.gt\/web\/wp-content\/uploads\/2020\/11\/VideoOutsourcing.mp4\" \/><div style=\"width: 640px;\" class=\"wp-video\"><video class=\"wp-video-shortcode\" id=\"video-6-1\" width=\"640\" height=\"360\" autoplay preload=\"metadata\" controls=\"controls\"><source type=\"video\/mp4\" src=\"https:\/\/persotemp.com.gt\/web\/wp-content\/uploads\/2020\/11\/VideoOutsourcing.mp4?_=1\" \/><a href=\"https:\/\/persotemp.com.gt\/web\/wp-content\/uploads\/2020\/11\/VideoOutsourcing.mp4\">https:\/\/persotemp.com.gt\/web\/wp-content\/uploads\/2020\/11\/VideoOutsourcing.mp4<\/a><\/video><\/div>\n<h1>\n\t\tNuestros Servicios\n\t<\/h1>\n<h3>\n\t\t<a href=\"https:\/\/persotemp.com.gt\/web\/outsourcing\/\" title=\"Outsourcing y Subcontrataci\u00f3n\" target=\"_self\">\n\t\tOutsourcing y Subcontrataci\u00f3n\n\t\t<\/a>\n\t<\/h3>\n<h3>\n\t\t<a href=\"https:\/\/persotemp.com.gt\/web\/outsourcing\/\" title=\"Imag\u00ednese un ambiente empresarial en donde su tiempo, energ\u00eda y recursos est\u00e1n enfocados a alcanzar los objetivos principales de su empresa.\" target=\"_self\">\n\t\tImag\u00ednese un ambiente empresarial en donde su tiempo, energ\u00eda y recursos est\u00e1n enfocados a alcanzar los objetivos principales de su empresa.\n\t\t<\/a>\n\t<\/h3>\n\t\t\t<a href=\"https:\/\/persotemp.com.gt\/web\/outsourcing\/\" title=\"Haz clic aqu\u00ed\" target=\"_self\"   role=\"button\" aria-label=\"Leer M\u00e1s\">\n\t\t\t\t\t\t\tLeer M\u00e1s\n\t\t<\/a>\n<h3>\n\t\t<a href=\"https:\/\/persotemp.com.gt\/web\/personal-temporal\/\" title=\"Personal Temporal\" target=\"_self\">\n\t\tPersonal Temporal\n\t\t<\/a>\n\t<\/h3>\n<h3>\n\t\t<a href=\"https:\/\/persotemp.com.gt\/web\/outsourcing\/\" title=\"Flexibilice su fuerza de trabajo con Personal Temporal. Ofrecemos personal cuidadosamente seleccionado, para muchas \u00e1reas.\" target=\"_self\">\n\t\tFlexibilice su fuerza de trabajo con Personal Temporal. Ofrecemos personal cuidadosamente seleccionado, para muchas \u00e1reas.\n\t\t<\/a>\n\t<\/h3>\n\t\t\t<a href=\"https:\/\/persotemp.com.gt\/web\/personal-temporal\/\" title=\"Haz clic aqu\u00ed\" target=\"_self\"   role=\"button\" aria-label=\"Leer M\u00e1s\">\n\t\t\t\t\t\t\tLeer M\u00e1s\n\t\t<\/a>\n<h3>\n\t\t<a href=\"https:\/\/persotemp.com.gt\/web\/reclutamiento-y-seleccion\/\" title=\"Reclutamiento y Selecci\u00f3n\" target=\"_self\">\n\t\tReclutamiento y Selecci\u00f3n\n\t\t<\/a>\n\t<\/h3>\n<h3>\n\t\t<a href=\"https:\/\/persotemp.com.gt\/web\/outsourcing\/\" title=\"En PersoTemp\u00ae le ayudamos a reclutar, seleccionar y contratar los mejores empleados para los cargos que su empresa tenga disponibles.\" target=\"_self\">\n\t\tEn PersoTemp\u00ae le ayudamos a reclutar, seleccionar y contratar los mejores empleados para los cargos que su empresa tenga disponibles.\n\t\t<\/a>\n\t<\/h3>\n\t\t\t<a href=\"https:\/\/persotemp.com.gt\/web\/reclutamiento-y-seleccion\/\" title=\"Haz clic aqu\u00ed\" target=\"_self\"   role=\"button\" aria-label=\"Leer M\u00e1s\">\n\t\t\t\t\t\t\tLeer M\u00e1s\n\t\t<\/a>\n<h1>\n\t\t\u00bfPor qu\u00e9 PersoTemp\u00ae?\n\t<\/h1>\n\t\t\t<a href=\"#hablemos\" title=\"Haz clic aqu\u00ed\" target=\"_self\"   role=\"button\" aria-label=\"Hablemos\">\n\t\t\t\t\t\t\tHablemos\n\t\t<\/a>\n<h1>\n\t\tHablemos del Proyecto de su Empresa\n\t<\/h1>\n<h1>\n\t\tNos interesa saber c\u00f3mo apoyarle\n\t<\/h1>\n<h3>\n\t\tEmail: persotemp@persotemp.com.gt\n\t<\/h3>\n<h3>\n\t\tPBX: 2290-2300\n\t<\/h3>\n<h3>\n\t\tDepartamento Comercial: 2290-2324\n\t<\/h3>\n<h3>\n\t\tCelular: 5333-7986\n\t<\/h3>\n\t<div class=\"wpforms-container wpforms-container-full\" id=\"wpforms-201\"><form id=\"wpforms-form-201\" class=\"wpforms-validate wpforms-form\" data-formid=\"201\" method=\"post\" enctype=\"multipart\/form-data\" action=\"\/web\/wp-json\/wp\/v2\/pages\/6\" data-token=\"ad427c89868d6662fb3ce134b817b718\"><noscript class=\"wpforms-error-noscript\">Por favor, activa JavaScript en tu navegador para completar este formulario.<\/noscript><div class=\"wpforms-field-container\"><div id=\"wpforms-201-field_0-container\" class=\"wpforms-field wpforms-field-name\" data-field-id=\"0\"><label class=\"wpforms-field-label wpforms-label-hide\" for=\"wpforms-201-field_0\">Nombre <span class=\"wpforms-required-label\">*<\/span><\/label><input type=\"text\" id=\"wpforms-201-field_0\" class=\"wpforms-field-large wpforms-field-required\" name=\"wpforms[fields][0]\" placeholder=\"Nombre\" required><\/div><div id=\"wpforms-201-field_3-container\" class=\"wpforms-field wpforms-field-number\" data-field-id=\"3\"><label class=\"wpforms-field-label wpforms-label-hide\" for=\"wpforms-201-field_3\">Tel\u00e9fono <span class=\"wpforms-required-label\">*<\/span><\/label><input type=\"number\" pattern=\"\\d*\" id=\"wpforms-201-field_3\" class=\"wpforms-field-large wpforms-field-required\" name=\"wpforms[fields][3]\" placeholder=\"Tel\u00e9fono\" required><\/div><div id=\"wpforms-201-field_1-container\" class=\"wpforms-field wpforms-field-email\" data-field-id=\"1\"><label class=\"wpforms-field-label wpforms-label-hide\" for=\"wpforms-201-field_1\">Email <span class=\"wpforms-required-label\">*<\/span><\/label><input type=\"email\" id=\"wpforms-201-field_1\" class=\"wpforms-field-large wpforms-field-required\" name=\"wpforms[fields][1]\" placeholder=\"Email\" required><\/div><div id=\"wpforms-201-field_5-container\" class=\"wpforms-field wpforms-field-text\" data-field-id=\"5\"><label class=\"wpforms-field-label wpforms-label-hide\" for=\"wpforms-201-field_5\">Empresa <span class=\"wpforms-required-label\">*<\/span><\/label><input type=\"text\" id=\"wpforms-201-field_5\" class=\"wpforms-field-large wpforms-field-required\" name=\"wpforms[fields][5]\" placeholder=\"Empresa\" required><\/div><div id=\"wpforms-201-field_6-container\" class=\"wpforms-field wpforms-field-textarea\" data-field-id=\"6\"><label class=\"wpforms-field-label wpforms-label-hide\" for=\"wpforms-201-field_6\">Mensaje<\/label><textarea id=\"wpforms-201-field_6\" class=\"wpforms-field-small\" name=\"wpforms[fields][6]\" placeholder=\"Mensaje\" ><\/textarea><\/div><div id=\"wpforms-201-field_4-container\" class=\"wpforms-field wpforms-field-hidden\" data-field-id=\"4\"><input type=\"hidden\" id=\"wpforms-201-field_4\" name=\"wpforms[fields][4]\" value=\"https:\/\/persotemp.com.gt\/web\/wp-json\/wp\/v2\/pages\/6\"><\/div><\/div><div class=\"wpforms-field wpforms-field-hp\"><label for=\"wpforms-201-field-hp\" class=\"wpforms-field-label\">Comment<\/label><input type=\"text\" name=\"wpforms[hp]\" id=\"wpforms-201-field-hp\" class=\"wpforms-field-medium\"><\/div><div class=\"wpforms-submit-container\" ><input type=\"hidden\" name=\"wpforms[id]\" value=\"201\"><input type=\"hidden\" name=\"wpforms[author]\" value=\"1\"><button type=\"submit\" name=\"wpforms[submit]\" class=\"wpforms-submit Boton-azul\" id=\"wpforms-submit-201\" value=\"wpforms-submit\" aria-live=\"assertive\" data-alt-text=\"Enviando\" data-submit-text=\"Enviar\">Enviar<\/button><\/div><\/form><\/div>  <!-- .wpforms-container -->\n<h2>\n\t\t\u00bfEst\u00e1 buscando empleo? Vea nuestras plazas disponibles\n\t<\/h2>\n\t\t\t<a href=\"https:\/\/persotemp.com.gt\/web\/vacantes\/\" title=\"Haz clic aqu\u00ed\" target=\"_self\"   role=\"button\" aria-label=\"Ver Plazas\">\n\t\t\t\t\t\t\tVer Plazas\n\t\t<\/a>\n\t\t\t\t<img decoding=\"async\" src=\"https:\/\/persotemp.com.gt\/web\/wp-content\/uploads\/2018\/03\/big.png\" alt=\"big\" itemprop=\"image\" title=\"big\" onerror=\"this.style.display='none'\"  \/>\n<h3>\n\t\t<a href=\"tel:2362-5372\" title=\"Tel. 2290-2300\" target=\"_self\">\n\t\tTel. 2290-2300\n\t\t<\/a>\n\t<\/h3>\n<h3>\n\t\tpersotemp@persotemp.com.gt\n\t<\/h3>\n\n","protected":false},"excerpt":{"rendered":"<p>SE PARTE DE NOSOTROS Ver Plazas Enf\u00f3quese en sus Negocios Deje que PersoTemp\u00ae le alivie las tareas de reclutar y administrar personal Servicios Hablemos Nuestros Servicios Outsourcing y Subcontrataci\u00f3n Imag\u00ednese un ambiente empresarial en donde su tiempo, energ\u00eda y recursos est\u00e1n enfocados a alcanzar los objetivos principales de su empresa. Leer M\u00e1s Personal Temporal Flexibilice&hellip;<\/p>\n","protected":false},"author":1,"featured_media":0,"parent":0,"menu_order":0,"comment_status":"closed","ping_status":"closed","template":"","meta":{"om_disable_all_campaigns":false,"footnotes":""},"class_list":["post-6","page","type-page","status-publish","hentry"],"_links":{"self":[{"href":"https:\/\/persotemp.com.gt\/web\/wp-json\/wp\/v2\/pages\/6","targetHints":{"allow":["GET"]}}],"collection":[{"href":"https:\/\/persotemp.com.gt\/web\/wp-json\/wp\/v2\/pages"}],"about":[{"href":"https:\/\/persotemp.com.gt\/web\/wp-json\/wp\/v2\/types\/page"}],"author":[{"embeddable":true,"href":"https:\/\/persotemp.com.gt\/web\/wp-json\/wp\/v2\/users\/1"}],"replies":[{"embeddable":true,"href":"https:\/\/persotemp.com.gt\/web\/wp-json\/wp\/v2\/comments?post=6"}],"version-history":[{"count":39,"href":"https:\/\/persotemp.com.gt\/web\/wp-json\/wp\/v2\/pages\/6\/revisions"}],"predecessor-version":[{"id":2687,"href":"https:\/\/persotemp.com.gt\/web\/wp-json\/wp\/v2\/pages\/6\/revisions\/2687"}],"wp:attachment":[{"href":"https:\/\/persotemp.com.gt\/web\/wp-json\/wp\/v2\/media?parent=6"}],"curies":[{"name":"wp","href":"https:\/\/api.w.org\/{rel}","templated":true}]}}